{"id":345,"date":"2022-08-17T15:40:14","date_gmt":"2022-08-17T15:40:14","guid":{"rendered":"http:\/\/regentchem.com\/\/\/\/the-amplex-quality\/"},"modified":"2022-10-06T12:42:44","modified_gmt":"2022-10-06T12:42:44","slug":"the-regent-quality","status":"publish","type":"page","link":"https:\/\/regentchem.com\/en\/the-regent-quality\/","title":{"rendered":"The Regent Quality"},"content":{"rendered":"[mk_page_section vertical_align=&#8221;top&#8221; bg_image=&#8221;http:\/\/regentchem.com\/wp-content\/uploads\/2022\/10\/header-regent-qualite.jpg&#8221; bg_position=&#8221;center center&#8221; bg_repeat=&#8221;no-repeat&#8221; bg_stretch=&#8221;true&#8221; full_width=&#8221;true&#8221; padding_top=&#8221;0&#8243; padding_bottom=&#8221;0&#8243; el_class=&#8221;section-header&#8221; sidebar=&#8221;sidebar-1&#8243;][vc_column][\/vc_column][\/mk_page_section][vc_row fullwidth=&#8221;true&#8221; column_padding=&#8221;3&#8243; el_class=&#8221;test&#8221;][vc_column el_class=&#8221;row-center&#8221;][vc_empty_space height=&#8221;35px&#8221;][vc_row_inner is_fullwidth_content=&#8221;false&#8221;][vc_column_inner][vc_column_text css=&#8221;.vc_custom_1664558030833{margin-bottom: 0px !important;}&#8221;]\n<h1 style=\"text-align: center;\">The Regent quality<\/h1>\n<p style=\"text-align: center;\">Chemical products sold and distributed by Regent meet and exceed the rigorous standards imposed by industries. We hold a license from Health Canada for the packaging, analysis, storage, and distribution of active pharmaceutical ingredients.<\/p>\n<p style=\"text-align: center;\">Our organization has the ISO 9001:2015 certification for sustainable management and Custom-Trade Partnership Against Terrorism (CTPAT) requirements.<\/p>\n<p>&nbsp;<\/p>\n<p style=\"text-align: center;\">Our certifications :<\/p>\n[\/vc_column_text][\/vc_column_inner][\/vc_row_inner][\/vc_column][\/vc_row][vc_row fullwidth=&#8221;true&#8221; visibility=&#8221;hidden-sm&#8221; el_class=&#8221;container-logo&#8221;][vc_column el_class=&#8221;row-logo&#8221;][vc_single_image image=&#8221;2179&#8243; img_size=&#8221;425&#215;76&#8243; alignment=&#8221;right&#8221; onclick=&#8221;custom_link&#8221; img_link_target=&#8221;_blank&#8221; link=&#8221;https:\/\/www.canada.ca\/en\/health-canada.html&#8221;][vc_single_image image=&#8221;2181&#8243; img_size=&#8221;498&#215;76&#8243; alignment=&#8221;center&#8221; onclick=&#8221;custom_link&#8221; img_link_target=&#8221;_blank&#8221; link=&#8221;https:\/\/www.cbp.gov\/border-security\/ports-entry\/cargo-security\/CTPAT&#8221;][vc_single_image image=&#8221;379&#8243; img_size=&#8221;83&#215;76&#8243; onclick=&#8221;custom_link&#8221; img_link_target=&#8221;_blank&#8221; link=&#8221;https:\/\/www.iso.org\/standard\/62085.html&#8221;][\/vc_column][\/vc_row][vc_row fullwidth=&#8221;true&#8221; visibility=&#8221;visible-sm&#8221; css=&#8221;.vc_custom_1665060026773{padding-right: 15px !important;padding-left: 15px !important;}&#8221;][vc_column][vc_single_image image=&#8221;2179&#8243; img_size=&#8221;425&#215;76&#8243; alignment=&#8221;center&#8221; onclick=&#8221;custom_link&#8221; img_link_target=&#8221;_blank&#8221; link=&#8221;https:\/\/www.canada.ca\/en\/health-canada.html&#8221;][vc_single_image image=&#8221;2181&#8243; img_size=&#8221;498&#215;76&#8243; alignment=&#8221;center&#8221; onclick=&#8221;custom_link&#8221; img_link_target=&#8221;_blank&#8221; link=&#8221;https:\/\/www.cbp.gov\/border-security\/ports-entry\/cargo-security\/CTPAT&#8221;][vc_single_image image=&#8221;379&#8243; img_size=&#8221;83&#215;76&#8243; alignment=&#8221;center&#8221; onclick=&#8221;custom_link&#8221; img_link_target=&#8221;_blank&#8221; link=&#8221;https:\/\/www.iso.org\/standard\/62085.html&#8221;][\/vc_column][\/vc_row][vc_row][vc_column][mk_padding_divider size=&#8221;50&#8243;][\/vc_column][\/vc_row]\n","protected":false},"excerpt":{"rendered":"<p>[mk_page_section vertical_align=&#8221;top&#8221; bg_image=&#8221;http:\/\/regentchem.com\/wp-content\/uploads\/2022\/10\/header-regent-qualite.jpg&#8221; bg_position=&#8221;center center&#8221; bg_repeat=&#8221;no-repeat&#8221; bg_stretch=&#8221;true&#8221; full_width=&#8221;true&#8221; padding_top=&#8221;0&#8243; padding_bottom=&#8221;0&#8243; el_class=&#8221;section-header&#8221; sidebar=&#8221;sidebar-1&#8243;][vc_column][\/vc_column][\/mk_page_section][vc_row fullwidth=&#8221;true&#8221; column_padding=&#8221;3&#8243; el_class=&#8221;test&#8221;][vc_column el_class=&#8221;row-center&#8221;][vc_empty_space height=&#8221;35px&#8221;][vc_row_inner is_fullwidth_content=&#8221;false&#8221;][vc_column_inner][vc_column_text css=&#8221;.vc_custom_1664558030833{margin-bottom: 0px !important;}&#8221;] The Regent quality Chemical products sold and distributed by Regent meet and exceed the rigorous standards imposed by industries. We hold a license from Health Canada for the packaging, analysis, storage, and distribution of [&hellip;]<\/p>\n","protected":false},"author":1,"featured_media":0,"parent":0,"menu_order":0,"comment_status":"closed","ping_status":"closed","template":"","meta":{"_acf_changed":false,"rs_blank_template":"","rs_page_bg_color":"","slide_template_v7":"","footnotes":""},"class_list":["post-345","page","type-page","status-publish","hentry"],"acf":[],"yoast_head":"<!-- This site is optimized with the Yoast SEO plugin v27.5 - https:\/\/yoast.com\/product\/yoast-seo-wordpress\/ -->\n<title>Quality | Regent<\/title>\n<meta name=\"description\" content=\"The management of operations at Regent and our delivery services are in compliance with certification requirements.\" \/>\n<meta name=\"robots\" content=\"index, follow, max-snippet:-1, max-image-preview:large, max-video-preview:-1\" \/>\n<link rel=\"canonical\" href=\"https:\/\/regentchem.com\/en\/the-regent-quality\/\" \/>\n<meta property=\"og:locale\" content=\"en_US\" \/>\n<meta property=\"og:type\" content=\"article\" \/>\n<meta property=\"og:title\" content=\"Quality | Regent\" \/>\n<meta property=\"og:description\" content=\"The management of operations at Regent and our delivery services are in compliance with certification requirements.\" \/>\n<meta property=\"og:url\" content=\"https:\/\/regentchem.com\/en\/the-regent-quality\/\" \/>\n<meta property=\"og:site_name\" content=\"Regent\" \/>\n<meta property=\"article:modified_time\" content=\"2022-10-06T12:42:44+00:00\" \/>\n<meta name=\"twitter:card\" content=\"summary_large_image\" \/>\n<meta name=\"twitter:label1\" content=\"Est. reading time\" \/>\n\t<meta name=\"twitter:data1\" content=\"1 minute\" \/>\n<script type=\"application\/ld+json\" class=\"yoast-schema-graph\">{\"@context\":\"https:\\\/\\\/schema.org\",\"@graph\":[{\"@type\":\"WebPage\",\"@id\":\"https:\\\/\\\/regentchem.com\\\/en\\\/the-regent-quality\\\/\",\"url\":\"https:\\\/\\\/regentchem.com\\\/en\\\/the-regent-quality\\\/\",\"name\":\"Quality | Regent\",\"isPartOf\":{\"@id\":\"https:\\\/\\\/regentchem.com\\\/#website\"},\"datePublished\":\"2022-08-17T15:40:14+00:00\",\"dateModified\":\"2022-10-06T12:42:44+00:00\",\"description\":\"The management of operations at Regent and our delivery services are in compliance with certification requirements.\",\"breadcrumb\":{\"@id\":\"https:\\\/\\\/regentchem.com\\\/en\\\/the-regent-quality\\\/#breadcrumb\"},\"inLanguage\":\"en-US\",\"potentialAction\":[{\"@type\":\"ReadAction\",\"target\":[\"https:\\\/\\\/regentchem.com\\\/en\\\/the-regent-quality\\\/\"]}]},{\"@type\":\"BreadcrumbList\",\"@id\":\"https:\\\/\\\/regentchem.com\\\/en\\\/the-regent-quality\\\/#breadcrumb\",\"itemListElement\":[{\"@type\":\"ListItem\",\"position\":1,\"name\":\"Home\",\"item\":\"https:\\\/\\\/regentchem.com\\\/en\\\/\"},{\"@type\":\"ListItem\",\"position\":2,\"name\":\"The Regent Quality\"}]},{\"@type\":\"WebSite\",\"@id\":\"https:\\\/\\\/regentchem.com\\\/#website\",\"url\":\"https:\\\/\\\/regentchem.com\\\/\",\"name\":\"Regent\",\"description\":\"Groupe Amplex-BGR-Regent est une entreprise familiale sp\u00e9cialis\u00e9e dans la distribution de produits chimiques certifi\u00e9s et de premi\u00e8re qualit\u00e9 depuis 1972.\",\"potentialAction\":[{\"@type\":\"SearchAction\",\"target\":{\"@type\":\"EntryPoint\",\"urlTemplate\":\"https:\\\/\\\/regentchem.com\\\/?s={search_term_string}\"},\"query-input\":{\"@type\":\"PropertyValueSpecification\",\"valueRequired\":true,\"valueName\":\"search_term_string\"}}],\"inLanguage\":\"en-US\"}]}<\/script>\n<!-- \/ Yoast SEO plugin. -->","yoast_head_json":{"title":"Quality | Regent","description":"The management of operations at Regent and our delivery services are in compliance with certification requirements.","robots":{"index":"index","follow":"follow","max-snippet":"max-snippet:-1","max-image-preview":"max-image-preview:large","max-video-preview":"max-video-preview:-1"},"canonical":"https:\/\/regentchem.com\/en\/the-regent-quality\/","og_locale":"en_US","og_type":"article","og_title":"Quality | Regent","og_description":"The management of operations at Regent and our delivery services are in compliance with certification requirements.","og_url":"https:\/\/regentchem.com\/en\/the-regent-quality\/","og_site_name":"Regent","article_modified_time":"2022-10-06T12:42:44+00:00","twitter_card":"summary_large_image","twitter_misc":{"Est. reading time":"1 minute"},"schema":{"@context":"https:\/\/schema.org","@graph":[{"@type":"WebPage","@id":"https:\/\/regentchem.com\/en\/the-regent-quality\/","url":"https:\/\/regentchem.com\/en\/the-regent-quality\/","name":"Quality | Regent","isPartOf":{"@id":"https:\/\/regentchem.com\/#website"},"datePublished":"2022-08-17T15:40:14+00:00","dateModified":"2022-10-06T12:42:44+00:00","description":"The management of operations at Regent and our delivery services are in compliance with certification requirements.","breadcrumb":{"@id":"https:\/\/regentchem.com\/en\/the-regent-quality\/#breadcrumb"},"inLanguage":"en-US","potentialAction":[{"@type":"ReadAction","target":["https:\/\/regentchem.com\/en\/the-regent-quality\/"]}]},{"@type":"BreadcrumbList","@id":"https:\/\/regentchem.com\/en\/the-regent-quality\/#breadcrumb","itemListElement":[{"@type":"ListItem","position":1,"name":"Home","item":"https:\/\/regentchem.com\/en\/"},{"@type":"ListItem","position":2,"name":"The Regent Quality"}]},{"@type":"WebSite","@id":"https:\/\/regentchem.com\/#website","url":"https:\/\/regentchem.com\/","name":"Regent","description":"Groupe Amplex-BGR-Regent est une entreprise familiale sp\u00e9cialis\u00e9e dans la distribution de produits chimiques certifi\u00e9s et de premi\u00e8re qualit\u00e9 depuis 1972.","potentialAction":[{"@type":"SearchAction","target":{"@type":"EntryPoint","urlTemplate":"https:\/\/regentchem.com\/?s={search_term_string}"},"query-input":{"@type":"PropertyValueSpecification","valueRequired":true,"valueName":"search_term_string"}}],"inLanguage":"en-US"}]}},"_links":{"self":[{"href":"https:\/\/regentchem.com\/en\/wp-json\/wp\/v2\/pages\/345","targetHints":{"allow":["GET"]}}],"collection":[{"href":"https:\/\/regentchem.com\/en\/wp-json\/wp\/v2\/pages"}],"about":[{"href":"https:\/\/regentchem.com\/en\/wp-json\/wp\/v2\/types\/page"}],"author":[{"embeddable":true,"href":"https:\/\/regentchem.com\/en\/wp-json\/wp\/v2\/users\/1"}],"replies":[{"embeddable":true,"href":"https:\/\/regentchem.com\/en\/wp-json\/wp\/v2\/comments?post=345"}],"version-history":[{"count":5,"href":"https:\/\/regentchem.com\/en\/wp-json\/wp\/v2\/pages\/345\/revisions"}],"predecessor-version":[{"id":2319,"href":"https:\/\/regentchem.com\/en\/wp-json\/wp\/v2\/pages\/345\/revisions\/2319"}],"wp:attachment":[{"href":"https:\/\/regentchem.com\/en\/wp-json\/wp\/v2\/media?parent=345"}],"curies":[{"name":"wp","href":"https:\/\/api.w.org\/{rel}","templated":true}]}}