{"id":271,"date":"2022-08-17T17:27:55","date_gmt":"2022-08-17T17:27:55","guid":{"rendered":"http:\/\/regentchem.com\/\/\/\/home-parent-brand\/"},"modified":"2022-10-07T17:17:13","modified_gmt":"2022-10-07T17:17:13","slug":"home-parent-brand","status":"publish","type":"page","link":"https:\/\/regentchem.com\/en\/","title":{"rendered":"Home Parent Brand"},"content":{"rendered":"[mk_page_section vertical_align=&#8221;center&#8221; bg_image=&#8221;http:\/\/regentchem.com\/\/\/\/wp-content\/uploads\/2022\/08\/header-amplex-accueil-landing.jpg&#8221; bg_stretch=&#8221;true&#8221; el_class=&#8221;section-header-landing&#8221; sidebar=&#8221;sidebar-1&#8243;][vc_column][\/vc_column][\/mk_page_section][vc_row fullwidth=&#8221;true&#8221;][vc_column][mk_padding_divider size=&#8221;55&#8243;][vc_row_inner][vc_column_inner width=&#8221;1\/3&#8243;][vc_single_image image=&#8221;127&#8243; img_size=&#8221;641&#215;110&#8243; alignment=&#8221;center&#8221; onclick=&#8221;custom_link&#8221; img_link_target=&#8221;_blank&#8221; link=&#8221;http:\/\/amplexchem.com\/en\/home\/&#8221;][\/vc_column_inner][vc_column_inner width=&#8221;1\/3&#8243;][vc_single_image image=&#8221;128&#8243; img_size=&#8221;641&#215;110&#8243; alignment=&#8221;center&#8221; onclick=&#8221;custom_link&#8221; img_link_target=&#8221;_blank&#8221; link=&#8221;http:\/\/bgrchem.com\/en\/home\/&#8221;][\/vc_column_inner][vc_column_inner width=&#8221;1\/3&#8243;][vc_single_image image=&#8221;129&#8243; img_size=&#8221;641&#215;110&#8243; alignment=&#8221;center&#8221; onclick=&#8221;custom_link&#8221; img_link_target=&#8221;_blank&#8221; link=&#8221;http:\/\/regentchem.com\/en\/home\/&#8221;][\/vc_column_inner][\/vc_row_inner][mk_padding_divider size=&#8221;60&#8243;][vc_row_inner is_fullwidth_content=&#8221;false&#8221;][vc_column_inner][vc_column_text css=&#8221;.vc_custom_1660762716720{margin-bottom: 0px !important;}&#8221;]\n<p style=\"text-align: center;\">The family company Les produits chimiques Amplex, BGR and REGENT specializes in the manufacturing, sale, purchasing, storage and packaging of a range of premium chemical products. The organizations put their extensive experience to the service of a variety of commercial, industrial and institutional companies.<\/p>\n<p style=\"text-align: center;\">To learn more about our products and services, visit our divisions\u2019 websites below.<\/p>\n[\/vc_column_text][\/vc_column_inner][\/vc_row_inner][mk_padding_divider size=&#8221;50&#8243;][vc_row_inner visibility=&#8221;hidden-nb&#8221; el_class=&#8221;section-card&#8221;][vc_column_inner el_class=&#8221;card card-amplex&#8221; width=&#8221;1\/3&#8243; css=&#8221;.vc_custom_1660851804870{background-image: url(http:\/\/regentchem.com\/\/\/\/wp-content\/uploads\/2022\/08\/bg-amplex-1.jpg?id=199) !important;background-position: center !important;background-repeat: no-repeat !important;background-size: cover !important;}&#8221;][mk_padding_divider size=&#8221;10&#8243;][vc_column_text el_class=&#8221;card-amplex&#8221; css=&#8221;.vc_custom_1660853462272{margin-bottom: 0px !important;}&#8221;]\n<h4 style=\"text-align: center;\">Our key industries are:<\/h4>\n<p>&nbsp;<\/p>\n<p style=\"text-align: center;\">\u2022 Foods and beverages<br \/>\n\u2022 Semiconductors<br \/>\n\u2022 Cosmetics\/Pharmaceuticals<br \/>\n\u2022 Aerospace\/Aeronautics\/Automobile<br \/>\n\u2022 Metal plating and processing<br \/>\n\u2022 Industrial cleaners<br \/>\n\u2022 Water and wastewater treatment<br \/>\n\u2022 Exclusive distributor of Brulin<sup>TM<\/sup> products in Canada<\/p>\n[\/vc_column_text][\/vc_column_inner][vc_column_inner el_class=&#8221;card card-bgr&#8221; width=&#8221;1\/3&#8243; css=&#8221;.vc_custom_1663951262318{background-image: url(http:\/\/regentchem.com\/\/\/\/wp-content\/uploads\/2022\/08\/bg-bgr-1.jpg?id=203) !important;background-position: center !important;background-repeat: no-repeat !important;background-size: cover !important;}&#8221;][mk_padding_divider size=&#8221;10&#8243;][vc_column_text css=&#8221;.vc_custom_1660853467729{margin-bottom: 0px !important;}&#8221;]\n<h4 style=\"text-align: center;\">Our key industries are:<\/h4>\n<p>&nbsp;<\/p>\n<p style=\"text-align: center;\">\u2022 Animal feed (supplements and minerals)<br \/>\n\u2022 Pharmaceuticals<br \/>\n\u2022 Foods (supplements and minerals)<br \/>\n\u2022 Energy<\/p>\n[\/vc_column_text][\/vc_column_inner][vc_column_inner el_class=&#8221;card card-regent&#8221; width=&#8221;1\/3&#8243; css=&#8221;.vc_custom_1663951275291{background-image: url(http:\/\/regentchem.com\/\/\/\/wp-content\/uploads\/2022\/08\/bg-regent-1.jpg?id=201) !important;background-position: center !important;background-repeat: no-repeat !important;background-size: cover !important;}&#8221;][mk_padding_divider size=&#8221;10&#8243;][vc_column_text css=&#8221;.vc_custom_1660853474331{margin-bottom: 0px !important;}&#8221;]\n<h4 style=\"text-align: center;\">Our key industries are:<\/h4>\n<p>&nbsp;<\/p>\n<p style=\"text-align: center;\">\u2022 Laboratories<br \/>\n\u2022 Pharmaceuticals<br \/>\n\u2022 Industrial<\/p>\n[\/vc_column_text][\/vc_column_inner][\/vc_row_inner][vc_row_inner visibility=&#8221;hidden-nb&#8221; el_class=&#8221;section-card-hover&#8221;][vc_column_inner el_class=&#8221;card card-hover-amplex&#8221; width=&#8221;1\/3&#8243; css=&#8221;.vc_custom_1660855722876{background-color: #94931f !important;}&#8221;][vc_single_image image=&#8221;132&#8243; img_size=&#8221;150&#215;54&#8243; alignment=&#8221;center&#8221;][vc_column_text el_class=&#8221;card-text&#8221; css=&#8221;.vc_custom_1660858080712{margin-top: 0px !important;margin-bottom: 0px !important;}&#8221;]\n<p style=\"text-align: center;\">Since 1972, Amplex specializes in the distribution of a range of chemical products for commercial, industrial, and institutional purposes.<\/p>\n[\/vc_column_text][vc_btn title=&#8221;&#8221; align=&#8221;center&#8221; i_icon_fontawesome=&#8221;fas fa-chevron-right&#8221; add_icon=&#8221;true&#8221; el_class=&#8221;btn btn-bottom btn-amplex&#8221; css=&#8221;.vc_custom_1665162967938{margin-top: 0px !important;margin-bottom: 0px !important;}&#8221; link=&#8221;url:https%3A%2F%2Famplexchem.com%2Fen%2Fhome%2F|title:Amplex|target:_blank&#8221;][vc_column_text css=&#8221;.vc_custom_1660857201250{margin-bottom: 0px !important;}&#8221;]\n<p style=\"text-align: center;\">Visit our site<\/p>\n[\/vc_column_text][\/vc_column_inner][vc_column_inner el_class=&#8221;card card-hover-bgr&#8221; width=&#8221;1\/3&#8243; css=&#8221;.vc_custom_1660852054684{background-color: #e83943 !important;}&#8221;][vc_single_image image=&#8221;130&#8243; img_size=&#8221;150&#215;54&#8243; alignment=&#8221;center&#8221;][vc_column_text el_class=&#8221;card-text&#8221; css=&#8221;.vc_custom_1660858087087{margin-top: 0px !important;margin-bottom: 0px !important;}&#8221;]\n<p style=\"text-align: center;\">Since 1972, Les produits chimiques BGR specializes in the production and global distribution of iodine- and calamine powder-based chemical products.<\/p>\n[\/vc_column_text][vc_btn title=&#8221;&#8221; align=&#8221;center&#8221; i_icon_fontawesome=&#8221;fas fa-chevron-right&#8221; add_icon=&#8221;true&#8221; el_class=&#8221;btn btn-bottom btn-bgr&#8221; css=&#8221;.vc_custom_1665162980690{margin-top: 0px !important;margin-bottom: 0px !important;}&#8221; link=&#8221;url:https%3A%2F%2Fbgrchem.com%2Fen%2Fhome%2F|title:BGR|target:_blank&#8221;][vc_column_text css=&#8221;.vc_custom_1660857201250{margin-bottom: 0px !important;}&#8221;]\n<p style=\"text-align: center;\">Visit our site<\/p>\n[\/vc_column_text][\/vc_column_inner][vc_column_inner el_class=&#8221;card card-hover-regent&#8221; width=&#8221;1\/3&#8243; css=&#8221;.vc_custom_1660852059663{background-color: #174496 !important;}&#8221;][vc_single_image image=&#8221;131&#8243; img_size=&#8221;150&#215;54&#8243; alignment=&#8221;center&#8221;][vc_column_text el_class=&#8221;card-text&#8221; css=&#8221;.vc_custom_1660858095339{margin-top: 0px !important;margin-bottom: 0px !important;}&#8221;]\n<p style=\"text-align: center;\">Since 1985, Les produits chimiques Regent specializes in the purification of high purity acids, and the production (mixture and dilution), bottling and distribution of various acids.<\/p>\n[\/vc_column_text][vc_btn title=&#8221;&#8221; align=&#8221;center&#8221; i_icon_fontawesome=&#8221;fas fa-chevron-right&#8221; add_icon=&#8221;true&#8221; el_class=&#8221;btn btn-bottom btn-regent&#8221; css=&#8221;.vc_custom_1665162991101{margin-top: 0px !important;margin-bottom: 0px !important;}&#8221; link=&#8221;url:https%3A%2F%2Fregentchem.com%2Fen%2Fhome%2F|title:Regent|target:_blank&#8221;][vc_column_text css=&#8221;.vc_custom_1660857201250{margin-bottom: 0px !important;}&#8221;]\n<p style=\"text-align: center;\">Visit our site<\/p>\n[\/vc_column_text][\/vc_column_inner][\/vc_row_inner][mk_padding_divider size=&#8221;50&#8243;][vc_row_inner visibility=&#8221;visible-nb&#8221; el_class=&#8221;section-card-mobile&#8221;][vc_column_inner el_class=&#8221;card&#8221; width=&#8221;1\/3&#8243; css=&#8221;.vc_custom_1664482099625{background-color: #94931f !important;}&#8221;][vc_single_image image=&#8221;132&#8243; img_size=&#8221;150&#215;54&#8243; alignment=&#8221;center&#8221;][vc_column_text el_class=&#8221;card-text&#8221; css=&#8221;.vc_custom_1660858080712{margin-top: 0px !important;margin-bottom: 0px !important;}&#8221;]\n<p style=\"text-align: center;\">Since 1972, Amplex specializes in the distribution of a range of chemical products for commercial, industrial, and institutional purposes.<\/p>\n[\/vc_column_text][vc_btn title=&#8221;&#8221; align=&#8221;center&#8221; i_icon_fontawesome=&#8221;fas fa-chevron-right&#8221; add_icon=&#8221;true&#8221; el_class=&#8221;btn btn-bottom btn-amplex&#8221; css=&#8221;.vc_custom_1665163005358{margin-top: 0px !important;margin-bottom: 0px !important;}&#8221; link=&#8221;url:https%3A%2F%2Famplexchem.com%2Fen%2Fhome%2F|title:Amplex|target:_blank&#8221;][vc_column_text css=&#8221;.vc_custom_1660857201250{margin-bottom: 0px !important;}&#8221;]\n<p style=\"text-align: center;\">Visit our site<\/p>\n[\/vc_column_text][\/vc_column_inner][vc_column_inner el_class=&#8221;card&#8221; width=&#8221;1\/3&#8243; css=&#8221;.vc_custom_1664482106795{background-color: #e83943 !important;}&#8221;][vc_single_image image=&#8221;130&#8243; img_size=&#8221;150&#215;54&#8243; alignment=&#8221;center&#8221;][vc_column_text el_class=&#8221;card-text&#8221; css=&#8221;.vc_custom_1660858087087{margin-top: 0px !important;margin-bottom: 0px !important;}&#8221;]\n<p style=\"text-align: center;\">Since 1972, Les produits chimiques BGR specializes in the production and global distribution of iodine- and calamine powder-based chemical products.<\/p>\n[\/vc_column_text][vc_btn title=&#8221;&#8221; align=&#8221;center&#8221; i_icon_fontawesome=&#8221;fas fa-chevron-right&#8221; add_icon=&#8221;true&#8221; el_class=&#8221;btn btn-bottom btn-bgr&#8221; css=&#8221;.vc_custom_1665163017147{margin-top: 0px !important;margin-bottom: 0px !important;}&#8221; link=&#8221;url:https%3A%2F%2Fbgrchem.com%2Fen%2Fhome%2F|title:BGR|target:_blank&#8221;][vc_column_text css=&#8221;.vc_custom_1660857201250{margin-bottom: 0px !important;}&#8221;]\n<p style=\"text-align: center;\">Visit our site<\/p>\n[\/vc_column_text][\/vc_column_inner][vc_column_inner el_class=&#8221;card&#8221; width=&#8221;1\/3&#8243; css=&#8221;.vc_custom_1664482114091{background-color: #174496 !important;}&#8221;][vc_single_image image=&#8221;131&#8243; img_size=&#8221;150&#215;54&#8243; alignment=&#8221;center&#8221;][vc_column_text el_class=&#8221;card-text&#8221; css=&#8221;.vc_custom_1660858095339{margin-top: 0px !important;margin-bottom: 0px !important;}&#8221;]\n<p style=\"text-align: center;\">Since 1985, Les produits chimiques Regent specializes in the purification of high purity acids, and the production (mixture and dilution), bottling and distribution of various acids.<\/p>\n[\/vc_column_text][vc_btn title=&#8221;&#8221; align=&#8221;center&#8221; i_icon_fontawesome=&#8221;fas fa-chevron-right&#8221; add_icon=&#8221;true&#8221; el_class=&#8221;btn btn-bottom btn-regent&#8221; css=&#8221;.vc_custom_1665163029322{margin-top: 0px !important;margin-bottom: 0px !important;}&#8221; link=&#8221;url:https%3A%2F%2Fregentchem.com%2Fen%2Fhome%2F|title:Regent|target:_blank&#8221;][vc_column_text css=&#8221;.vc_custom_1660857201250{margin-bottom: 0px !important;}&#8221;]\n<p style=\"text-align: center;\">Visit our site<\/p>\n[\/vc_column_text][\/vc_column_inner][\/vc_row_inner][\/vc_column][\/vc_row]\n","protected":false},"excerpt":{"rendered":"<p>[mk_page_section vertical_align=&#8221;center&#8221; bg_image=&#8221;http:\/\/regentchem.com\/\/\/\/wp-content\/uploads\/2022\/08\/header-amplex-accueil-landing.jpg&#8221; bg_stretch=&#8221;true&#8221; el_class=&#8221;section-header-landing&#8221; sidebar=&#8221;sidebar-1&#8243;][vc_column][\/vc_column][\/mk_page_section][vc_row fullwidth=&#8221;true&#8221;][vc_column][mk_padding_divider size=&#8221;55&#8243;][vc_row_inner][vc_column_inner width=&#8221;1\/3&#8243;][vc_single_image image=&#8221;127&#8243; img_size=&#8221;641&#215;110&#8243; alignment=&#8221;center&#8221; onclick=&#8221;custom_link&#8221; img_link_target=&#8221;_blank&#8221; link=&#8221;http:\/\/amplexchem.com\/en\/home\/&#8221;][\/vc_column_inner][vc_column_inner width=&#8221;1\/3&#8243;][vc_single_image image=&#8221;128&#8243; img_size=&#8221;641&#215;110&#8243; alignment=&#8221;center&#8221; onclick=&#8221;custom_link&#8221; img_link_target=&#8221;_blank&#8221; link=&#8221;http:\/\/bgrchem.com\/en\/home\/&#8221;][\/vc_column_inner][vc_column_inner width=&#8221;1\/3&#8243;][vc_single_image image=&#8221;129&#8243; img_size=&#8221;641&#215;110&#8243; alignment=&#8221;center&#8221; onclick=&#8221;custom_link&#8221; img_link_target=&#8221;_blank&#8221; link=&#8221;http:\/\/regentchem.com\/en\/home\/&#8221;][\/vc_column_inner][\/vc_row_inner][mk_padding_divider size=&#8221;60&#8243;][vc_row_inner is_fullwidth_content=&#8221;false&#8221;][vc_column_inner][vc_column_text css=&#8221;.vc_custom_1660762716720{margin-bottom: 0px !important;}&#8221;] The family company Les produits chimiques Amplex, BGR and REGENT specializes in the manufacturing, sale, purchasing, storage and packaging of a [&hellip;]<\/p>\n","protected":false},"author":1,"featured_media":0,"parent":0,"menu_order":0,"comment_status":"closed","ping_status":"closed","template":"","meta":{"_acf_changed":false,"rs_blank_template":"","rs_page_bg_color":"","slide_template_v7":"","footnotes":""},"class_list":["post-271","page","type-page","status-publish","hentry"],"acf":[],"yoast_head":"<!-- This site is optimized with the Yoast SEO plugin v27.1.1 - https:\/\/yoast.com\/product\/yoast-seo-wordpress\/ -->\n<title>Groupe Amplex | Home<\/title>\n<meta name=\"description\" content=\"Groupe Amplex-BGR-Regent is a family business specializing in premium and certified chemical products since 1972.\" \/>\n<meta name=\"robots\" content=\"index, follow, max-snippet:-1, max-image-preview:large, max-video-preview:-1\" \/>\n<link rel=\"canonical\" href=\"https:\/\/regentchem.com\/en\/\" \/>\n<meta property=\"og:locale\" content=\"en_US\" \/>\n<meta property=\"og:type\" content=\"article\" \/>\n<meta property=\"og:title\" content=\"Groupe Amplex | Home\" \/>\n<meta property=\"og:description\" content=\"Groupe Amplex-BGR-Regent is a family business specializing in premium and certified chemical products since 1972.\" \/>\n<meta property=\"og:url\" content=\"https:\/\/regentchem.com\/en\/\" \/>\n<meta property=\"og:site_name\" content=\"Regent\" \/>\n<meta property=\"article:modified_time\" content=\"2022-10-07T17:17:13+00:00\" \/>\n<meta name=\"twitter:card\" content=\"summary_large_image\" \/>\n<meta name=\"twitter:label1\" content=\"Est. reading time\" \/>\n\t<meta name=\"twitter:data1\" content=\"3 minutes\" \/>\n<script type=\"application\/ld+json\" class=\"yoast-schema-graph\">{\"@context\":\"https:\/\/schema.org\",\"@graph\":[{\"@type\":\"WebPage\",\"@id\":\"https:\/\/regentchem.com\/en\/\",\"url\":\"https:\/\/regentchem.com\/en\/\",\"name\":\"Groupe Amplex | Home\",\"isPartOf\":{\"@id\":\"https:\/\/regentchem.com\/#website\"},\"datePublished\":\"2022-08-17T17:27:55+00:00\",\"dateModified\":\"2022-10-07T17:17:13+00:00\",\"description\":\"Groupe Amplex-BGR-Regent is a family business specializing in premium and certified chemical products since 1972.\",\"breadcrumb\":{\"@id\":\"https:\/\/regentchem.com\/en\/#breadcrumb\"},\"inLanguage\":\"en-US\",\"potentialAction\":[{\"@type\":\"ReadAction\",\"target\":[\"https:\/\/regentchem.com\/en\/\"]}]},{\"@type\":\"BreadcrumbList\",\"@id\":\"https:\/\/regentchem.com\/en\/#breadcrumb\",\"itemListElement\":[{\"@type\":\"ListItem\",\"position\":1,\"name\":\"Home\",\"item\":\"https:\/\/regentchem.com\/en\/\"},{\"@type\":\"ListItem\",\"position\":2,\"name\":\"Home Parent Brand\"}]},{\"@type\":\"WebSite\",\"@id\":\"https:\/\/regentchem.com\/#website\",\"url\":\"https:\/\/regentchem.com\/\",\"name\":\"Regent\",\"description\":\"Groupe Amplex-BGR-Regent est une entreprise familiale sp\u00e9cialis\u00e9e dans la distribution de produits chimiques certifi\u00e9s et de premi\u00e8re qualit\u00e9 depuis 1972.\",\"potentialAction\":[{\"@type\":\"SearchAction\",\"target\":{\"@type\":\"EntryPoint\",\"urlTemplate\":\"https:\/\/regentchem.com\/?s={search_term_string}\"},\"query-input\":{\"@type\":\"PropertyValueSpecification\",\"valueRequired\":true,\"valueName\":\"search_term_string\"}}],\"inLanguage\":\"en-US\"}]}<\/script>\n<!-- \/ Yoast SEO plugin. -->","yoast_head_json":{"title":"Groupe Amplex | Home","description":"Groupe Amplex-BGR-Regent is a family business specializing in premium and certified chemical products since 1972.","robots":{"index":"index","follow":"follow","max-snippet":"max-snippet:-1","max-image-preview":"max-image-preview:large","max-video-preview":"max-video-preview:-1"},"canonical":"https:\/\/regentchem.com\/en\/","og_locale":"en_US","og_type":"article","og_title":"Groupe Amplex | Home","og_description":"Groupe Amplex-BGR-Regent is a family business specializing in premium and certified chemical products since 1972.","og_url":"https:\/\/regentchem.com\/en\/","og_site_name":"Regent","article_modified_time":"2022-10-07T17:17:13+00:00","twitter_card":"summary_large_image","twitter_misc":{"Est. reading time":"3 minutes"},"schema":{"@context":"https:\/\/schema.org","@graph":[{"@type":"WebPage","@id":"https:\/\/regentchem.com\/en\/","url":"https:\/\/regentchem.com\/en\/","name":"Groupe Amplex | Home","isPartOf":{"@id":"https:\/\/regentchem.com\/#website"},"datePublished":"2022-08-17T17:27:55+00:00","dateModified":"2022-10-07T17:17:13+00:00","description":"Groupe Amplex-BGR-Regent is a family business specializing in premium and certified chemical products since 1972.","breadcrumb":{"@id":"https:\/\/regentchem.com\/en\/#breadcrumb"},"inLanguage":"en-US","potentialAction":[{"@type":"ReadAction","target":["https:\/\/regentchem.com\/en\/"]}]},{"@type":"BreadcrumbList","@id":"https:\/\/regentchem.com\/en\/#breadcrumb","itemListElement":[{"@type":"ListItem","position":1,"name":"Home","item":"https:\/\/regentchem.com\/en\/"},{"@type":"ListItem","position":2,"name":"Home Parent Brand"}]},{"@type":"WebSite","@id":"https:\/\/regentchem.com\/#website","url":"https:\/\/regentchem.com\/","name":"Regent","description":"Groupe Amplex-BGR-Regent est une entreprise familiale sp\u00e9cialis\u00e9e dans la distribution de produits chimiques certifi\u00e9s et de premi\u00e8re qualit\u00e9 depuis 1972.","potentialAction":[{"@type":"SearchAction","target":{"@type":"EntryPoint","urlTemplate":"https:\/\/regentchem.com\/?s={search_term_string}"},"query-input":{"@type":"PropertyValueSpecification","valueRequired":true,"valueName":"search_term_string"}}],"inLanguage":"en-US"}]}},"_links":{"self":[{"href":"https:\/\/regentchem.com\/en\/wp-json\/wp\/v2\/pages\/271","targetHints":{"allow":["GET"]}}],"collection":[{"href":"https:\/\/regentchem.com\/en\/wp-json\/wp\/v2\/pages"}],"about":[{"href":"https:\/\/regentchem.com\/en\/wp-json\/wp\/v2\/types\/page"}],"author":[{"embeddable":true,"href":"https:\/\/regentchem.com\/en\/wp-json\/wp\/v2\/users\/1"}],"replies":[{"embeddable":true,"href":"https:\/\/regentchem.com\/en\/wp-json\/wp\/v2\/comments?post=271"}],"version-history":[{"count":5,"href":"https:\/\/regentchem.com\/en\/wp-json\/wp\/v2\/pages\/271\/revisions"}],"predecessor-version":[{"id":2321,"href":"https:\/\/regentchem.com\/en\/wp-json\/wp\/v2\/pages\/271\/revisions\/2321"}],"wp:attachment":[{"href":"https:\/\/regentchem.com\/en\/wp-json\/wp\/v2\/media?parent=271"}],"curies":[{"name":"wp","href":"https:\/\/api.w.org\/{rel}","templated":true}]}}